{"id":2149,"date":"2021-01-13T21:09:25","date_gmt":"2021-01-13T20:09:25","guid":{"rendered":"https:\/\/musiquertoutelavie.mus.ulaval.ca\/nous-joindre\/"},"modified":"2025-02-12T12:10:59","modified_gmt":"2025-02-12T17:10:59","slug":"nous-joindre","status":"publish","type":"page","link":"https:\/\/musiquertoutelavie.mus.ulaval.ca\/en\/nous-joindre\/","title":{"rendered":"Contact Us"},"content":{"rendered":"\n<section class=\"wp-block-csrtcommun-gutenberg-block-bloc-strate  strate bg-undefined\" aria-label=\"\"><div class=\"strate-contenu\">\n<div class=\"wp-block-csrtcommun-gutenberg-block-bloc-nous-joindre bloc-nous-joindre__wrapper\"><div class=\"bloc-col-gauche__wrapper\"><div class=\"titre\">Musicking through life<\/div><div class=\"adresse\"><br \/><\/div><div class=\"telephone\"><a href=\"tel:-\" aria-label=\"Num\u00e9ro de t\u00e9l\u00e9phone : \"><span aria-hidden=\"true\">&#8211;<\/span><\/a><\/div><div class=\"courriel\"><a href=\"mailto:musiquertoutelavie@mus.ulaval.ca\" aria-label=\"Adresse courriel musiquertoutelavie@mus.ulaval.ca\">musiquertoutelavie@mus.ulaval.ca<\/a><\/div><\/div><div class=\"bloc-col-droite__wrapper\"><div><div class=\"wp-block-image\">\n<figure class=\"aligncenter size-large is-resized\"><img decoding=\"async\" src=\"https:\/\/musiquertoutelavie.mus.ulaval.ca\/\/app\/uploads\/2025\/02\/Logo-musiquer-toute-la-vie-1024x576.jpg\" alt=\"\" class=\"wp-image-1974\" style=\"width:420px\"\/><\/figure>\n<\/div><\/div><\/div><\/div>\n<div class=\"clearFix\"><\/div><\/div><\/section>\n","protected":false},"excerpt":{"rendered":"","protected":false},"author":1,"featured_media":0,"parent":0,"menu_order":0,"comment_status":"closed","ping_status":"closed","template":"page-titre.php","meta":{"_acf_changed":false,"footnotes":""},"class_list":["post-2149","page","type-page","status-publish","hentry"],"acf":[],"_links":{"self":[{"href":"https:\/\/musiquertoutelavie.mus.ulaval.ca\/en\/wp-json\/wp\/v2\/pages\/2149","targetHints":{"allow":["GET"]}}],"collection":[{"href":"https:\/\/musiquertoutelavie.mus.ulaval.ca\/en\/wp-json\/wp\/v2\/pages"}],"about":[{"href":"https:\/\/musiquertoutelavie.mus.ulaval.ca\/en\/wp-json\/wp\/v2\/types\/page"}],"author":[{"embeddable":true,"href":"https:\/\/musiquertoutelavie.mus.ulaval.ca\/en\/wp-json\/wp\/v2\/users\/1"}],"replies":[{"embeddable":true,"href":"https:\/\/musiquertoutelavie.mus.ulaval.ca\/en\/wp-json\/wp\/v2\/comments?post=2149"}],"version-history":[{"count":4,"href":"https:\/\/musiquertoutelavie.mus.ulaval.ca\/en\/wp-json\/wp\/v2\/pages\/2149\/revisions"}],"predecessor-version":[{"id":2153,"href":"https:\/\/musiquertoutelavie.mus.ulaval.ca\/en\/wp-json\/wp\/v2\/pages\/2149\/revisions\/2153"}],"wp:attachment":[{"href":"https:\/\/musiquertoutelavie.mus.ulaval.ca\/en\/wp-json\/wp\/v2\/media?parent=2149"}],"curies":[{"name":"wp","href":"https:\/\/api.w.org\/{rel}","templated":true}]}}